{"id":17,"date":"2022-04-03T23:05:25","date_gmt":"2022-04-03T21:05:25","guid":{"rendered":"https:\/\/www.prazstipevci.cz\/?page_id=17"},"modified":"2024-07-07T20:47:27","modified_gmt":"2024-07-07T18:47:27","slug":"uvod","status":"publish","type":"page","link":"https:\/\/www.prazstipevci.cz\/uvod\/","title":{"rendered":"Uvod"},"content":{"rendered":"<div id=\"uvodni_foto\">\n<div id=\"uvodni_foto_overlay\">\u00a0<\/div>\n<div id=\"uvodni_foto_text\">\n<h1>Pra\u017e\u0161t\u00ed p\u011bvci<\/h1>\n<p id=\"changing_text_0\" class=\"uvodni_foto_text_p hiden\">\u201e&#8230;Tento koncert byl \u2013 \u0159e\u010deno bez nads\u00e1zky \u2013 opravdovou hv\u011bzdnou hodinkou. Programu ani proveden\u00ed nelze nic vytknout! Soubor Pra\u017e\u0161t\u00ed P\u011bvci p\u0159i koncertu v remscheidsk\u00e9m m\u011bstsk\u00e9m kostele prok\u00e1zali, \u017ee jsou specialist\u00e9 na \u010deskou sborovou hudbu dvac\u00e1t\u00e9ho stolet\u00ed&#8230;&#8220; <em>Beate Lang<\/em><\/p>\n<p id=\"changing_text_1\" class=\"uvodni_foto_text_p hiden\">\u201e&#8230;Stanislav Mistr za sbormistrovsk\u00fdm pult\u00edkem modeloval k\u0159ehk\u00e9 fr\u00e1ze s maxim\u00e1ln\u00ed citlivost\u00ed a rozmanitost\u00ed a mo\u0159em komplikovan\u00fdch partitur proplul bez obt\u00ed\u017e\u00ed, se zvl\u00e1dnut\u00edm ve\u0161ker\u00fdch technick\u00fdch aspekt\u016f a se zvl\u00e1\u0161tn\u00ed pozornost\u00ed v\u011bnovanou aspekt\u016fm um\u011bleck\u00e9ho ztv\u00e1rn\u011bn\u00ed&#8230;&#8220; <em>Beate Lang<\/em><\/p>\n<p id=\"changing_text_2\" class=\"uvodni_foto_text_p hiden\">\u201e&#8230;&#8220;Mist\u0159i p\u011bvci\u201c z Prahy prok\u00e1zali, \u017ee jsou specialist\u00e9 na \u010deskou sborovou hudbu dvac\u00e1t\u00e9ho stolet\u00ed; stejn\u011b tak lze v\u0161ak tomuto sboru d\u016fv\u011b\u0159ovat i ve v\u0161em ostatn\u00edm, co nab\u00edz\u00ed hudebn\u00ed literatura. Sotva lze vyl\u00ed\u010dit techniku a dokonalost proveden\u00ed, kter\u00e9 v p\u0159\u00edpad\u011b t\u011bchto mlad\u00fdch zp\u011bv\u00e1k\u016f a zp\u011bva\u010dek berou dech, stejn\u011b jako jejich snad neomezen\u00e9 muzik\u00e1ln\u00ed mo\u017enosti&#8230;&#8220;<\/p>\n<p id=\"changing_text_3\" class=\"uvodni_foto_text_p hiden\">\u201e&#8230;L\u00e9pe u\u017e to ani nejde. Soubor Pra\u017e\u0161t\u00ed p\u011bvci nab\u00eddl na \u010dtvrt\u00e9m ro\u010dn\u00edku festivalu Bergische Biennale skute\u010dn\u011b hv\u011bzdnou hodinku modern\u00ed sborov\u00e9 hudby&#8230;&#8220; <em>Beate Lang<\/em><\/p>\n<\/div>\n<\/div>\n<section>\n<div class=\"basic_div_design\">\n<h2>Kdo jsme<\/h2>\n<p>Sm\u00ed\u0161en\u00fd sbor Pra\u017e\u0161t\u00ed p\u011bvci byl zalo\u017een v \u00fanoru 1992 sbormistrem Mgr. Stanislavem Mistrem. Tvo\u0159\u00ed jej v z\u00e1kladn\u00ed sestav\u011b 16 \u010dlen\u016f, ale vystupuje t\u00e9\u017e v obsazen\u00ed 4 &#8211; 60 zp\u011bv\u00e1k\u016f. Specifikou sboru je intenzivn\u00ed hlasov\u00e1 p\u0159\u00edprava pod veden\u00edm sbormistra, kter\u00e1 ve sv\u00e9m v\u00fdsledku umo\u017e\u0148uje roz\u0161\u00ed\u0159it dynamick\u00e9 i v\u00fdrazov\u00e9 mo\u017enosti komorn\u00edho obsazen\u00ed. Velk\u00fd d\u016fraz je tak\u00e9 kladen na \u010dten\u00ed z listu, sbor je schopen v kr\u00e1tk\u00e9m \u010dase nastudovat i intona\u010dn\u011b n\u00e1ro\u010dn\u00e9 projekty. <strong>Pra\u017e\u0161t\u00ed p\u011bvci<\/strong> <strong>se v\u011bnuj\u00ed p\u0159edev\u0161\u00edm modern\u00ed v\u00e1\u017en\u00e9 hudb\u011b, p\u0159ipravuj\u00ed premi\u00e9ry a rozhlasov\u00e9 nahr\u00e1vky d\u011bl soudob\u00fdch skladatel\u016f.<\/strong> Z\u00edskali sedm prvenstv\u00ed v mezin\u00e1rodn\u00edch sout\u011b\u017e\u00edch p\u011bveck\u00fdch sbor\u016f. Pra\u017e\u0161t\u00ed p\u011bvci hostovali v n\u011bkolika zem\u00edch Evropy a USA, \u00fa\u010dastnili se v\u00fdznamn\u00fdch mezin\u00e1rodn\u00edch festival\u016f, nap\u0159. Pra\u017esk\u00fd podzim (Holstovy Planety s Liverpool Orchestra, Flamenco Requiem s Paco Pe\u0148ou, Skrjabin\u016fv Prom\u00e9theus a Debussyho La madamme Elue s \u010ceskou filharmoni\u00ed, Debussyho Sir\u00e9ny s orcherstrem FOK) d\u00e1le Bergische Biennale f\u00fcr Neue Musik, Archaion Kallos \u010di Svatov\u00e1clavsk\u00e9 slavnosti. Maj\u00ed na sv\u00e9m kont\u011b n\u011bkolik CD, z nich\u017e nejv\u00fdznamn\u011bj\u0161\u00ed je 3CD komplet Dvo\u0159\u00e1kov\u00fdch sbor\u016f a duet labelu Brilliant Classics. V posledn\u00ed dob\u011b se sbor v\u011bnuje prov\u00e1d\u011bn\u00ed nejn\u00e1ro\u010dn\u011bj\u0161\u00edch skladeb sborov\u00e9 literatury, uve\u010fme nap\u0159. \u017dalmy a Koncert pro sbor A. Schnittkeho \u010di\u00a0 nat\u00e1\u010den\u00ed opery Jana Fily Stalo se slovo. P\u011bvci se \u00fa\u010dastn\u00ed i projekt\u016f popul\u00e1rn\u00ed hudby, nato\u010dili hudbu k n\u011bkolika muzik\u00e1l\u016fm a spolupracovali s Pra\u017esk\u00fdm v\u00fdb\u011brem na koncert\u011b v O2 Aren\u011b. K posledn\u00edm \u00fasp\u011bch\u016fm sboru pat\u0159\u00ed\u00a0 zahajovac\u00ed koncert festivalu Talich\u016fv Beroun s Poulencovou M\u0161\u00ed G dur. Sbor tak\u00e9 ned\u00e1vno nahr\u00e1l nov\u00e9 CD s jazzov\u00fdmi skladbami Josefa Vejvody.<\/p>\n<p style=\"text-align: center;\"><a href=\"https:\/\/www.proglas.cz\/program\/detail-poradu\/2014-08-29-16-55-00\/\"><strong data-rich-text-format-boundary=\"true\">P\u0159edstaven\u00ed Pra\u017esk\u00fdch p\u011bvc\u016f na r\u00e1diu Proglas <\/strong>v po\u0159adu Okt\u00e1va<\/a><\/p>\n<p>\u00a0 \u00a0 \u00a0 \u00a0 \u00a0 \u00a0 \u00a0 \u00a0 \u00a0 \u00a0 \u00a0 \u00a0 \u00a0 \u00a0 \u00a0 \u00a0 \u00a0 \u00a0 \u00a0 \u00a0 \u00a0 <a href=\"https:\/\/www.ceskatelevize.cz\/porady\/13858862640-ticho-za-jana-palacha\/\"><strong>Pra\u017e\u0161t\u00ed p\u011bvci v po\u0159adu \u010cT art<\/strong>\u00a0&#8222;Ticho za Jana Palacha&#8220;<\/a><\/p>\n<h5 style=\"text-align: center;\"><a href=\"https:\/\/www.prazstipevci.cz\/recenze\/\">Recenze 3CD A. Dvo\u0159\u00e1k \u2013 Complete Choruses &amp; Duets<\/a><\/h5>\n<p style=\"text-align: center;\"><strong><a href=\"https:\/\/www.youtube.com\/watch?v=r5t5tzOkl4o\">Pra\u017e\u0161t\u00ed p\u011bvci v O2 Aren\u011b, \u0161ot ze zkou\u0161ky, Michal Koc\u00e1b, Steven Mercurio<\/a>\u00a0<\/strong><\/p>\n<\/div>\n<h2 id=\"nadchyejici_presdtaveni_h2\">Nejbli\u017e\u0161\u00ed ud\u00e1losti<\/h2>\n<\/section>\n\n\n<p><\/p>\n\n\n\n<h2 class=\"wp-block-heading has-text-align-center\"><\/h2>\n\n\n\n<pre id=\"block-478ecc83-c384-499c-989d-cdc358432200\" class=\"wp-block-preformatted\"><\/pre>\n\n\n\n<pre class=\"wp-block-preformatted\"><\/pre>\n\n\n\n<h2 class=\"wp-block-heading has-text-align-center\"><\/h2>\n\n\n\n<p><\/p>\n\n\n\n<p><\/p>\n\n\n\n<p><\/p>\n","protected":false},"excerpt":{"rendered":"<p>\u00a0 Pra\u017e\u0161t\u00ed p\u011bvci \u201e&#8230;Tento koncert byl \u2013 \u0159e\u010deno bez nads\u00e1zky \u2013 opravdovou hv\u011bzdnou hodinkou. Programu ani proveden\u00ed nelze nic vytknout! Soubor Pra\u017e\u0161t\u00ed P\u011bvci p\u0159i koncertu v remscheidsk\u00e9m m\u011bstsk\u00e9m kostele prok\u00e1zali, \u017ee jsou specialist\u00e9 na \u010deskou sborovou hudbu dvac\u00e1t\u00e9ho stolet\u00ed&#8230;&#8220; Beate Lang \u201e&#8230;Stanislav Mistr za sbormistrovsk\u00fdm pult\u00edkem modeloval k\u0159ehk\u00e9 fr\u00e1ze s maxim\u00e1ln\u00ed citlivost\u00ed a rozmanitost\u00ed a [&hellip;]<\/p>\n","protected":false},"author":1,"featured_media":0,"parent":0,"menu_order":0,"comment_status":"closed","ping_status":"closed","template":"","meta":{"footnotes":""},"class_list":["post-17","page","type-page","status-publish","hentry"],"_links":{"self":[{"href":"https:\/\/www.prazstipevci.cz\/uvod\/wp-json\/wp\/v2\/pages\/17","targetHints":{"allow":["GET"]}}],"collection":[{"href":"https:\/\/www.prazstipevci.cz\/uvod\/wp-json\/wp\/v2\/pages"}],"about":[{"href":"https:\/\/www.prazstipevci.cz\/uvod\/wp-json\/wp\/v2\/types\/page"}],"author":[{"embeddable":true,"href":"https:\/\/www.prazstipevci.cz\/uvod\/wp-json\/wp\/v2\/users\/1"}],"replies":[{"embeddable":true,"href":"https:\/\/www.prazstipevci.cz\/uvod\/wp-json\/wp\/v2\/comments?post=17"}],"version-history":[{"count":79,"href":"https:\/\/www.prazstipevci.cz\/uvod\/wp-json\/wp\/v2\/pages\/17\/revisions"}],"predecessor-version":[{"id":1538,"href":"https:\/\/www.prazstipevci.cz\/uvod\/wp-json\/wp\/v2\/pages\/17\/revisions\/1538"}],"wp:attachment":[{"href":"https:\/\/www.prazstipevci.cz\/uvod\/wp-json\/wp\/v2\/media?parent=17"}],"curies":[{"name":"wp","href":"https:\/\/api.w.org\/{rel}","templated":true}]}}